{"id":4562,"date":"2023-11-07T07:31:38","date_gmt":"2023-11-07T06:31:38","guid":{"rendered":"https:\/\/regalo7.es\/?post_type=product&#038;p=4562"},"modified":"2023-11-07T08:02:30","modified_gmt":"2023-11-07T07:02:30","slug":"boligrafo-puntero-zharu","status":"publish","type":"product","link":"https:\/\/regalo7.es\/index.php\/producto\/boligrafo-puntero-zharu\/","title":{"rendered":"Bol\u00edgrafo Puntero Zharu"},"content":{"rendered":"<p style=\"text-align: center;\">Bol\u00edgrafo puntero de l\u00ednea nature, con cuerpo en bamb\u00fa y accesorios cromados, con puntero en negro. De mecanismo pulsador, clip met\u00e1lico y cartucho jumbo con tinta azul.<br \/>\nSi quer\u00e9is un recuerdo especial y \u00fanico para vuestra Boda, Cumplea\u00f1os, Aniversario, para la Comuni\u00f3n o el Bautizo de vuestros hijos o si sois una Empresa o Instituci\u00f3n que hab\u00e9is decidido daros a conocer de una forma m\u00e1s original y econ\u00f3mica\u2026<\/p>\n","protected":false},"excerpt":{"rendered":"<p>Bol\u00edgrafo Puntero Zharu<br \/>\ncon t\u00fa nombre grabado a l\u00e1ser.<\/p>\n","protected":false},"featured_media":4563,"comment_status":"open","ping_status":"closed","template":"","meta":{"site-sidebar-layout":"default","site-content-layout":"","ast-site-content-layout":"default","site-content-style":"default","site-sidebar-style":"default","ast-global-header-display":"","ast-banner-title-visibility":"","ast-main-header-display":"","ast-hfb-above-header-display":"","ast-hfb-below-header-display":"","ast-hfb-mobile-header-display":"","site-post-title":"","ast-breadcrumbs-content":"","ast-featured-img":"","footer-sml-layout":"","theme-transparent-header-meta":"default","adv-header-id-meta":"","stick-header-meta":"","header-above-stick-meta":"","header-main-stick-meta":"","header-below-stick-meta":"","astra-migrate-meta-layouts":"set","ast-page-background-enabled":"default","ast-page-background-meta":{"desktop":{"background-color":"","background-image":"","background-repeat":"repeat","background-position":"center center","background-size":"auto","background-attachment":"scroll","background-type":"","background-media":"","overlay-type":"","overlay-color":"","overlay-gradient":""},"tablet":{"background-color":"","background-image":"","background-repeat":"repeat","background-position":"center center","background-size":"auto","background-attachment":"scroll","background-type":"","background-media":"","overlay-type":"","overlay-color":"","overlay-gradient":""},"mobile":{"background-color":"","background-image":"","background-repeat":"repeat","background-position":"center center","background-size":"auto","background-attachment":"scroll","background-type":"","background-media":"","overlay-type":"","overlay-color":"","overlay-gradient":""}},"ast-content-background-meta":{"desktop":{"background-color":"var(--ast-global-color-5)","background-image":"","background-repeat":"repeat","background-position":"center center","background-size":"auto","background-attachment":"scroll","background-type":"","background-media":"","overlay-type":"","overlay-color":"","overlay-gradient":""},"tablet":{"background-color":"var(--ast-global-color-5)","background-image":"","background-repeat":"repeat","background-position":"center center","background-size":"auto","background-attachment":"scroll","background-type":"","background-media":"","overlay-type":"","overlay-color":"","overlay-gradient":""},"mobile":{"background-color":"var(--ast-global-color-5)","background-image":"","background-repeat":"repeat","background-position":"center center","background-size":"auto","background-attachment":"scroll","background-type":"","background-media":"","overlay-type":"","overlay-color":"","overlay-gradient":""}},"_joinchat":[]},"product_brand":[],"product_cat":[60],"product_tag":[61,65,66,63,62],"class_list":{"0":"post-4562","1":"product","2":"type-product","3":"status-publish","4":"has-post-thumbnail","6":"product_cat-escritura","7":"product_tag-boligrafo","8":"product_tag-boligrafo-bambu","9":"product_tag-boligrafo-madera","10":"product_tag-boligrafo-personalizado","11":"product_tag-escritura","12":"desktop-align-left","13":"tablet-align-left","14":"mobile-align-left","16":"first","17":"instock","18":"taxable","19":"shipping-taxable","20":"purchasable","21":"product-type-simple"},"tiered_pricing_type":"fixed","tiered_pricing_fixed_rules":[],"tiered_pricing_percentage_rules":[],"tiered_pricing_minimum":1,"_administrator_tiered_pricing_type":"fixed","_administrator_tiered_pricing_fixed_rules":[],"_editor_tiered_pricing_type":"fixed","_editor_tiered_pricing_fixed_rules":[],"_author_tiered_pricing_type":"fixed","_author_tiered_pricing_fixed_rules":[],"_contributor_tiered_pricing_type":"fixed","_contributor_tiered_pricing_fixed_rules":[],"_subscriber_tiered_pricing_type":"fixed","_subscriber_tiered_pricing_fixed_rules":[],"_customer_tiered_pricing_type":"fixed","_customer_tiered_pricing_fixed_rules":[],"_shop_manager_tiered_pricing_type":"fixed","_shop_manager_tiered_pricing_fixed_rules":[],"_translator_tiered_pricing_type":"fixed","_translator_tiered_pricing_fixed_rules":[],"_ddwcpos_cashier_tiered_pricing_type":"fixed","_ddwcpos_cashier_tiered_pricing_fixed_rules":[],"_wcfm_vendor_tiered_pricing_type":"fixed","_wcfm_vendor_tiered_pricing_fixed_rules":[],"_disable_vendor_tiered_pricing_type":"fixed","_disable_vendor_tiered_pricing_fixed_rules":[],"_links":{"self":[{"href":"https:\/\/regalo7.es\/index.php\/wp-json\/wp\/v2\/product\/4562","targetHints":{"allow":["GET"]}}],"collection":[{"href":"https:\/\/regalo7.es\/index.php\/wp-json\/wp\/v2\/product"}],"about":[{"href":"https:\/\/regalo7.es\/index.php\/wp-json\/wp\/v2\/types\/product"}],"replies":[{"embeddable":true,"href":"https:\/\/regalo7.es\/index.php\/wp-json\/wp\/v2\/comments?post=4562"}],"version-history":[{"count":2,"href":"https:\/\/regalo7.es\/index.php\/wp-json\/wp\/v2\/product\/4562\/revisions"}],"predecessor-version":[{"id":4575,"href":"https:\/\/regalo7.es\/index.php\/wp-json\/wp\/v2\/product\/4562\/revisions\/4575"}],"wp:featuredmedia":[{"embeddable":true,"href":"https:\/\/regalo7.es\/index.php\/wp-json\/wp\/v2\/media\/4563"}],"wp:attachment":[{"href":"https:\/\/regalo7.es\/index.php\/wp-json\/wp\/v2\/media?parent=4562"}],"wp:term":[{"taxonomy":"product_brand","embeddable":true,"href":"https:\/\/regalo7.es\/index.php\/wp-json\/wp\/v2\/product_brand?post=4562"},{"taxonomy":"product_cat","embeddable":true,"href":"https:\/\/regalo7.es\/index.php\/wp-json\/wp\/v2\/product_cat?post=4562"},{"taxonomy":"product_tag","embeddable":true,"href":"https:\/\/regalo7.es\/index.php\/wp-json\/wp\/v2\/product_tag?post=4562"}],"curies":[{"name":"wp","href":"https:\/\/api.w.org\/{rel}","templated":true}]}}