{"id":4571,"date":"2023-11-07T07:48:56","date_gmt":"2023-11-07T06:48:56","guid":{"rendered":"https:\/\/regalo7.es\/?post_type=product&#038;p=4571"},"modified":"2023-11-07T08:04:22","modified_gmt":"2023-11-07T07:04:22","slug":"boligrafo-puntero-taulf","status":"publish","type":"product","link":"https:\/\/regalo7.es\/index.php\/producto\/boligrafo-puntero-taulf\/","title":{"rendered":"Bol\u00edgrafo Puntero Taulf"},"content":{"rendered":"<p style=\"text-align: center;\">Bol\u00edgrafo puntero de tacto goma especialmente dise\u00f1ado para el marcaje en l\u00e1ser con logotipo en color rosado. De mecanismo pulsador, con clip met\u00e1lico y accesorios en acabado cobre. Cuerpo disponible con distinguidos colores, de cartucho jumbo y en tinta azul.<br \/>\nSi quer\u00e9is un recuerdo especial y \u00fanico para vuestra Boda, Cumplea\u00f1os, Aniversario, para la Comuni\u00f3n o el Bautizo de vuestros hijos o si sois una Empresa o Instituci\u00f3n que hab\u00e9is decidido daros a conocer de una forma m\u00e1s original y econ\u00f3mica\u2026<\/p>\n","protected":false},"excerpt":{"rendered":"<p>Bol\u00edgrafo Puntero Taulf<br \/>\ncon t\u00fa nombre grabado a l\u00e1ser.<\/p>\n","protected":false},"featured_media":4573,"comment_status":"open","ping_status":"closed","template":"","meta":{"site-sidebar-layout":"default","site-content-layout":"","ast-site-content-layout":"default","site-content-style":"default","site-sidebar-style":"default","ast-global-header-display":"","ast-banner-title-visibility":"","ast-main-header-display":"","ast-hfb-above-header-display":"","ast-hfb-below-header-display":"","ast-hfb-mobile-header-display":"","site-post-title":"","ast-breadcrumbs-content":"","ast-featured-img":"","footer-sml-layout":"","theme-transparent-header-meta":"default","adv-header-id-meta":"","stick-header-meta":"","header-above-stick-meta":"","header-main-stick-meta":"","header-below-stick-meta":"","astra-migrate-meta-layouts":"set","ast-page-background-enabled":"default","ast-page-background-meta":{"desktop":{"background-color":"","background-image":"","background-repeat":"repeat","background-position":"center center","background-size":"auto","background-attachment":"scroll","background-type":"","background-media":"","overlay-type":"","overlay-color":"","overlay-gradient":""},"tablet":{"background-color":"","background-image":"","background-repeat":"repeat","background-position":"center center","background-size":"auto","background-attachment":"scroll","background-type":"","background-media":"","overlay-type":"","overlay-color":"","overlay-gradient":""},"mobile":{"background-color":"","background-image":"","background-repeat":"repeat","background-position":"center center","background-size":"auto","background-attachment":"scroll","background-type":"","background-media":"","overlay-type":"","overlay-color":"","overlay-gradient":""}},"ast-content-background-meta":{"desktop":{"background-color":"var(--ast-global-color-5)","background-image":"","background-repeat":"repeat","background-position":"center center","background-size":"auto","background-attachment":"scroll","background-type":"","background-media":"","overlay-type":"","overlay-color":"","overlay-gradient":""},"tablet":{"background-color":"var(--ast-global-color-5)","background-image":"","background-repeat":"repeat","background-position":"center center","background-size":"auto","background-attachment":"scroll","background-type":"","background-media":"","overlay-type":"","overlay-color":"","overlay-gradient":""},"mobile":{"background-color":"var(--ast-global-color-5)","background-image":"","background-repeat":"repeat","background-position":"center center","background-size":"auto","background-attachment":"scroll","background-type":"","background-media":"","overlay-type":"","overlay-color":"","overlay-gradient":""}},"_joinchat":[]},"product_brand":[],"product_cat":[60],"product_tag":[61,67,63,62],"class_list":{"0":"post-4571","1":"product","2":"type-product","3":"status-publish","4":"has-post-thumbnail","6":"product_cat-escritura","7":"product_tag-boligrafo","8":"product_tag-boligrafo-aluminio","9":"product_tag-boligrafo-personalizado","10":"product_tag-escritura","11":"desktop-align-left","12":"tablet-align-left","13":"mobile-align-left","15":"first","16":"instock","17":"taxable","18":"shipping-taxable","19":"purchasable","20":"product-type-simple"},"tiered_pricing_type":"fixed","tiered_pricing_fixed_rules":[],"tiered_pricing_percentage_rules":[],"tiered_pricing_minimum":1,"_administrator_tiered_pricing_type":"fixed","_administrator_tiered_pricing_fixed_rules":[],"_editor_tiered_pricing_type":"fixed","_editor_tiered_pricing_fixed_rules":[],"_author_tiered_pricing_type":"fixed","_author_tiered_pricing_fixed_rules":[],"_contributor_tiered_pricing_type":"fixed","_contributor_tiered_pricing_fixed_rules":[],"_subscriber_tiered_pricing_type":"fixed","_subscriber_tiered_pricing_fixed_rules":[],"_customer_tiered_pricing_type":"fixed","_customer_tiered_pricing_fixed_rules":[],"_shop_manager_tiered_pricing_type":"fixed","_shop_manager_tiered_pricing_fixed_rules":[],"_translator_tiered_pricing_type":"fixed","_translator_tiered_pricing_fixed_rules":[],"_ddwcpos_cashier_tiered_pricing_type":"fixed","_ddwcpos_cashier_tiered_pricing_fixed_rules":[],"_wcfm_vendor_tiered_pricing_type":"fixed","_wcfm_vendor_tiered_pricing_fixed_rules":[],"_disable_vendor_tiered_pricing_type":"fixed","_disable_vendor_tiered_pricing_fixed_rules":[],"_links":{"self":[{"href":"https:\/\/regalo7.es\/index.php\/wp-json\/wp\/v2\/product\/4571","targetHints":{"allow":["GET"]}}],"collection":[{"href":"https:\/\/regalo7.es\/index.php\/wp-json\/wp\/v2\/product"}],"about":[{"href":"https:\/\/regalo7.es\/index.php\/wp-json\/wp\/v2\/types\/product"}],"replies":[{"embeddable":true,"href":"https:\/\/regalo7.es\/index.php\/wp-json\/wp\/v2\/comments?post=4571"}],"version-history":[{"count":2,"href":"https:\/\/regalo7.es\/index.php\/wp-json\/wp\/v2\/product\/4571\/revisions"}],"predecessor-version":[{"id":4578,"href":"https:\/\/regalo7.es\/index.php\/wp-json\/wp\/v2\/product\/4571\/revisions\/4578"}],"wp:featuredmedia":[{"embeddable":true,"href":"https:\/\/regalo7.es\/index.php\/wp-json\/wp\/v2\/media\/4573"}],"wp:attachment":[{"href":"https:\/\/regalo7.es\/index.php\/wp-json\/wp\/v2\/media?parent=4571"}],"wp:term":[{"taxonomy":"product_brand","embeddable":true,"href":"https:\/\/regalo7.es\/index.php\/wp-json\/wp\/v2\/product_brand?post=4571"},{"taxonomy":"product_cat","embeddable":true,"href":"https:\/\/regalo7.es\/index.php\/wp-json\/wp\/v2\/product_cat?post=4571"},{"taxonomy":"product_tag","embeddable":true,"href":"https:\/\/regalo7.es\/index.php\/wp-json\/wp\/v2\/product_tag?post=4571"}],"curies":[{"name":"wp","href":"https:\/\/api.w.org\/{rel}","templated":true}]}}